{"id":16,"date":"2020-01-28T08:34:14","date_gmt":"2020-01-28T08:34:14","guid":{"rendered":"http:\/\/metallbau-maeck.heliotronic.gmbh\/?page_id=16"},"modified":"2026-03-12T19:39:21","modified_gmt":"2026-03-12T18:39:21","slug":"impressum","status":"publish","type":"page","link":"https:\/\/www.metallbau-maeck.de\/?page_id=16","title":{"rendered":"Impressum"},"content":{"rendered":"\n<figure class=\"wp-block-table\"><table><tbody><tr><td><strong>Webdesign:<\/strong><\/td><td>Dietmar M\u00e4ck , Christian Schiefer<\/td><\/tr><tr><td><strong>Webmaster<\/strong><\/td><td>\nDietmar M\u00e4ck , Christian Schiefer\n<\/td><\/tr><tr><td><strong>Kontakt:<\/strong><\/td><td> Dietmar M\u00e4ck S\u00f6flinger Str. 128 89077 Ulm <br>Mail: info\/at\/metallbau-maeck.de<\/td><\/tr><tr><td>\n<strong>Anschrift:<\/strong>\n<\/td><td>\nHandwerksmeister Dietmar M\u00e4ck<br> S\u00f6flingerstrasse 128<br> 89077 Ulm<br> Tel.: 0731 30 79 3<br> Fax.: 0731 36 03 23\n<\/td><\/tr><tr><td><strong>zust\u00e4ndige Kammer:<\/strong><\/td><td>Handwerkskammer Ulm<br> Olgastrasse 72<br> 89073 Ulm<br> <\/td><\/tr><tr><td><strong>Innungsmitgliedschaft:<\/strong><\/td><td>Metallinnung Ulm<br> Schaffnerstr. 8<br> 89073 Ulm<br> www.khs-ulm.de<\/td><\/tr><tr><td><strong>Berufsbezeichnung:<\/strong><\/td><td>Handwerksmeister ( Bundesrepublik Deutschland)<\/td><\/tr><tr><td><strong>Berufsrechtliche Regelungen:<\/strong><\/td><td>Handwerksordnung<\/td><\/tr><tr><td><strong>Umsatzsteuer- Identifikationsnummer: <\/strong><\/td><td>DE 147 099 234<\/td><\/tr><\/tbody><\/table><\/figure>\n","protected":false},"excerpt":{"rendered":"<p>Webdesign: Dietmar M\u00e4ck , Christian Schiefer Webmaster Dietmar M\u00e4ck , Christian Schiefer Kontakt: Dietmar M\u00e4ck S\u00f6flinger Str. 128 89077 Ulm Mail: info\/at\/metallbau-maeck.de Anschrift: Handwerksmeister Dietmar M\u00e4ck S\u00f6flingerstrasse 128 89077 Ulm Tel.: 0731 30 79 3 Fax.: 0731 36 03 23 zust\u00e4ndige Kammer: Handwerkskammer Ulm Olgastrasse 72 89073 Ulm Innungsmitgliedschaft: Metallinnung Ulm Schaffnerstr. 8 89073 Ulm &hellip; <a href=\"https:\/\/www.metallbau-maeck.de\/?page_id=16\" class=\"more-link\"><span class=\"screen-reader-text\">\u201eImpressum\u201c<\/span> weiterlesen<\/a><\/p>\n","protected":false},"author":2,"featured_media":0,"parent":0,"menu_order":0,"comment_status":"closed","ping_status":"closed","template":"","meta":{"footnotes":""},"_links":{"self":[{"href":"https:\/\/www.metallbau-maeck.de\/index.php?rest_route=\/wp\/v2\/pages\/16"}],"collection":[{"href":"https:\/\/www.metallbau-maeck.de\/index.php?rest_route=\/wp\/v2\/pages"}],"about":[{"href":"https:\/\/www.metallbau-maeck.de\/index.php?rest_route=\/wp\/v2\/types\/page"}],"author":[{"embeddable":true,"href":"https:\/\/www.metallbau-maeck.de\/index.php?rest_route=\/wp\/v2\/users\/2"}],"replies":[{"embeddable":true,"href":"https:\/\/www.metallbau-maeck.de\/index.php?rest_route=%2Fwp%2Fv2%2Fcomments&post=16"}],"version-history":[{"count":4,"href":"https:\/\/www.metallbau-maeck.de\/index.php?rest_route=\/wp\/v2\/pages\/16\/revisions"}],"predecessor-version":[{"id":268,"href":"https:\/\/www.metallbau-maeck.de\/index.php?rest_route=\/wp\/v2\/pages\/16\/revisions\/268"}],"wp:attachment":[{"href":"https:\/\/www.metallbau-maeck.de\/index.php?rest_route=%2Fwp%2Fv2%2Fmedia&parent=16"}],"curies":[{"name":"wp","href":"https:\/\/api.w.org\/{rel}","templated":true}]}}