{"id":125,"date":"2020-01-28T14:16:03","date_gmt":"2020-01-28T14:16:03","guid":{"rendered":"http:\/\/metallbau-maeck.heliotronic.gmbh\/?page_id=125"},"modified":"2020-01-28T14:25:54","modified_gmt":"2020-01-28T14:25:54","slug":"haftungsausschluss","status":"publish","type":"page","link":"https:\/\/www.metallbau-maeck.de\/?page_id=125","title":{"rendered":"Haftungsausschluss"},"content":{"rendered":"\n<h2 class=\"wp-block-heading\">\n\t\t\t<a href=\"https:\/\/metallbau-maeck.de\/index.php\/haftungsausschluss\">\n\t\tHaftungsausschluss<\/a>\n\t\t<\/h2>\n\n\n\n<h3 class=\"wp-block-heading\">Haftungsausschluss <\/h3>\n\n\n\n<p><strong>1. Inhalt des Onlineangebotes<\/strong> <br>\n Der Autor \u00fcbernimmt keinerlei Gew\u00e4hr f\u00fcr die Aktualit\u00e4t, Korrektheit, \nVollst\u00e4ndigkeit oder Qualit\u00e4t der bereitgestellten Informationen. \nHaftungsanspr\u00fcche gegen den Autor, welche sich auf Sch\u00e4den materieller \noder ideeller Art beziehen, die durch die Nutzung oder Nichtnutzung der \ndargebotenen Informationen bzw. durch die Nutzung fehlerhafter und \nunvollst\u00e4ndiger Informationen verursacht wurden, sind grunds\u00e4tzlich \nausgeschlossen, sofern seitens des Autors kein nachweislich \nvors\u00e4tzliches oder grob fahrl\u00e4ssiges Verschulden vorliegt. <br> Alle \nAngebote sind freibleibend und unverbindlich. Der Autor beh\u00e4lt es sich \nausdr\u00fccklich vor, Teile der Seiten oder das gesamte Angebot ohne \ngesonderte Ank\u00fcndigung zu ver\u00e4ndern, zu erg\u00e4nzen, zu l\u00f6schen oder die \nVer\u00f6ffentlichung zeitweise oder endg\u00fcltig einzustellen.<\/p>\n\n\n\n<p><strong>2. Verweise und Links<\/strong> <br>\n Bei direkten oder indirekten Verweisen auf fremde Webseiten \n(&#8222;Hyperlinks&#8220;), die au\u00dferhalb des Verantwortungsbereiches des Autors \nliegen, w\u00fcrde eine Haftungsverpflichtung ausschlie\u00dflich in dem Fall in \nKraft treten, in dem der Autor von den Inhalten Kenntnis hat und es ihm \ntechnisch m\u00f6glich und zumutbar w\u00e4re, die Nutzung im Falle rechtswidriger\n Inhalte zu verhindern. <br> Der Autor erkl\u00e4rt hiermit ausdr\u00fccklich, \ndass zum Zeitpunkt der Linksetzung keine illegalen Inhalte auf den zu \nverlinkenden Seiten erkennbar waren. Auf die aktuelle und zuk\u00fcnftige \nGestaltung, die Inhalte oder die Urheberschaft der gelinkten\/verkn\u00fcpften\n Seiten hat der Autor keinerlei Einfluss. Deshalb distanziert er sich \nhiermit ausdr\u00fccklich von allen Inhalten aller gelinkten \/verkn\u00fcpften \nSeiten, die nach der Linksetzung ver\u00e4ndert wurden. Diese Feststellung \ngilt f\u00fcr alle innerhalb des eigenen Internetangebotes gesetzten Links \nund Verweise sowie f\u00fcr Fremdeintr\u00e4ge in vom Autor eingerichteten \nG\u00e4steb\u00fcchern, Diskussionsforen und Mailinglisten. F\u00fcr illegale, \nfehlerhafte oder unvollst\u00e4ndige Inhalte und insbesondere f\u00fcr Sch\u00e4den, \ndie aus der Nutzung oder Nichtnutzung solcherart dargebotener \nInformationen entstehen, haftet allein der Anbieter der Seite, auf \nwelche verwiesen wurde, nicht derjenige, der \u00fcber Links auf die \njeweilige Ver\u00f6ffentlichung lediglich verweist.<\/p>\n\n\n\n<p><strong>3. Urheber- und Kennzeichenrecht<\/strong> <br>\n Der Autor ist bestrebt, in allen Publikationen die Urheberrechte der \nverwendeten Grafiken, Tondokumente, Videosequenzen und Texte zu \nbeachten, von ihm selbst erstellte Grafiken, Tondokumente, \nVideosequenzen und Texte zu nutzen oder auf lizenzfreie Grafiken, \nTondokumente, Videosequenzen und Texte zur\u00fcckzugreifen. <br> Alle \ninnerhalb des Internetangebotes genannten und ggf. durch Dritte \ngesch\u00fctzten Marken- und Warenzeichen unterliegen uneingeschr\u00e4nkt den \nBestimmungen des jeweils g\u00fcltigen Kennzeichenrechts und den \nBesitzrechten der jeweiligen eingetragenen Eigent\u00fcmer. Allein aufgrund \nder blo\u00dfen Nennung ist nicht der Schluss zu ziehen, dass Markenzeichen \nnicht durch Rechte Dritter gesch\u00fctzt sind! <br> Das Copyright f\u00fcr \nver\u00f6ffentlichte, vom Autor selbst erstellte Objekte bleibt allein beim \nAutor der Seiten. Eine Vervielf\u00e4ltigung oder Verwendung solcher \nGrafiken, Tondokumente, Videosequenzen und Texte in anderen \nelektronischen oder gedruckten Publikationen ist ohne ausdr\u00fcckliche \nZustimmung des Autors nicht gestattet.<\/p>\n\n\n\n<p><strong>4. Datenschutz<\/strong> <br> \nSofern innerhalb des Internetangebotes die M\u00f6glichkeit zur Eingabe \npers\u00f6nlicher oder gesch\u00e4ftlicher Daten (Emailadressen, Namen, \nAnschriften) besteht, so erfolgt die Preisgabe dieser Daten seitens des \nNutzers auf ausdr\u00fccklich freiwilliger Basis. Die Inanspruchnahme und \nBezahlung aller angebotenen Dienste ist &#8211; soweit technisch m\u00f6glich und \nzumutbar &#8211; auch ohne Angabe solcher Daten bzw. unter Angabe \nanonymisierter Daten oder eines Pseudonyms gestattet. Die Nutzung der im\n Rahmen des Impressums oder vergleichbarer Angaben ver\u00f6ffentlichten \nKontaktdaten wie Postanschriften, Telefon- und Faxnummern sowie \nEmailadressen durch Dritte zur \u00dcbersendung von nicht ausdr\u00fccklich \nangeforderten Informationen ist nicht gestattet. Rechtliche Schritte \ngegen die Versender von sogenannten Spam-Mails bei Verst\u00f6ssen gegen \ndieses Verbot sind ausdr\u00fccklich vorbehalten.<\/p>\n\n\n\n<p><strong>5. Rechtswirksamkeit dieses Haftungsausschlusses<\/strong> <br>\n Dieser Haftungsausschluss ist als Teil des Internetangebotes zu \nbetrachten, von dem aus auf diese Seite verwiesen wurde. Sofern Teile \noder einzelne Formulierungen dieses Textes der geltenden Rechtslage \nnicht, nicht mehr oder nicht vollst\u00e4ndig entsprechen sollten, bleiben \ndie \u00fcbrigen Teile des Dokumentes in ihrem Inhalt und ihrer G\u00fcltigkeit \ndavon unber\u00fchrt.<\/p>\n\n\n\n<h3 class=\"wp-block-heading\">Disclaimer<\/h3>\n\n\n\n<p><strong>1. Content<\/strong> <br> The \nauthor reserves the right not to be responsible for the topicality, \ncorrectness, completeness or quality of the information provided. \nLiability claims regarding damage caused by the use of any information \nprovided, including any kind of information which is incomplete or \nincorrect,will therefore be rejected. <br> All offers are not-binding \nand without obligation. Parts of the pages or the complete publication \nincluding all offers and information might be extended, changed or \npartly or completely deleted by the author without separate \nannouncement.<\/p>\n\n\n\n<p><strong>2. Referrals and links<\/strong> <br>\n The author is not responsible for any contents linked or referred to \nfrom his pages &#8211; unless he has full knowledge of illegal contents and \nwould be able to prevent the visitors of his site fromviewing those \npages. Ifany damage occurs by the use of information presented there, \nonly the author of the respective pages might be liable, not the one who\n has linked to these pages. Furthermore the author is not liable for any\n postings or messages published by users of discussion boards, \nguestbooks or mailinglists provided on his page.<\/p>\n\n\n\n<p><strong>3. Copyright<\/strong> <br> \nThe author intended not to use any copyrighted material for the \npublication or, if not possible, to indicatethe copyright of the \nrespective object. <br> The copyright for any material created by the \nauthor is reserved. Any duplication or use of objects such as diagrams, \nsounds or texts in other electronic or printed publications is not \npermitted without the author&#8217;s agreement.<\/p>\n\n\n\n<p><strong>4. Privacy policy<\/strong> <br>\n If the opportunity for the input of personal or business data (email \naddresses, name, addresses) is given, the input of these data takes \nplace voluntarily. The use and payment of all offered services are \npermitted-ifand sofar technically possible and reasonable &#8211; without \nspecification of any personal data or under specification of anonymized \ndata or an alias. The use of published postal addresses, telefone or fax\n numbers and email addresses for marketing purposes is prohibited, \noffenders sending unwanted spam messages will be punished.<\/p>\n\n\n\n<p><strong>5. Legal validity of this disclaimer<\/strong> <br>\n This disclaimer is to be regarded as part of the internet publication \nwhich you were referred from. If sections or individual terms of this \nstatement are not legal or correct, the content or validity of the other\n parts remain uninfluenced by this fact.<\/p>\n\n\n\n<p><strong>Please click <a>here<\/a> or use the back-button of your browser to return!<\/strong>  <\/p>\n\n\n\n<hr class=\"wp-block-separator\"\/>\n\n\n\n<p>\u00a9 1999 &#8211; 2020 <a href=\"http:\/\/www.disclaimer.de\">www.disclaimer.de<\/a>.  Keine Haftung f\u00fcr Daten und Inhalte, Nutzung dieses Dienstes auf eigene  Gefahr. Vervielf\u00e4ltigung und Verbreitung dieses Dokumentes au\u00dferhalb  des Verantwortungsbereiches von <a href=\"http:\/\/www.disclaimer.de\">www.disclaimer.de<\/a>  ist untersagt. Hinweis: Aus Gr\u00fcnden der Lesbarkeit wurde im Text die  m\u00e4nnliche Form gew\u00e4hlt, nichtsdestoweniger beziehen sich die Angaben auf  Angeh\u00f6rige beider Geschlechter.<\/p>\n","protected":false},"excerpt":{"rendered":"<p>Haftungsausschluss Haftungsausschluss 1. Inhalt des Onlineangebotes Der Autor \u00fcbernimmt keinerlei Gew\u00e4hr f\u00fcr die Aktualit\u00e4t, Korrektheit, Vollst\u00e4ndigkeit oder Qualit\u00e4t der bereitgestellten Informationen. Haftungsanspr\u00fcche gegen den Autor, welche sich auf Sch\u00e4den materieller oder ideeller Art beziehen, die durch die Nutzung oder Nichtnutzung der dargebotenen Informationen bzw. durch die Nutzung fehlerhafter und unvollst\u00e4ndiger Informationen verursacht wurden, sind grunds\u00e4tzlich &hellip; <a href=\"https:\/\/www.metallbau-maeck.de\/?page_id=125\" class=\"more-link\"><span class=\"screen-reader-text\">\u201eHaftungsausschluss\u201c<\/span> weiterlesen<\/a><\/p>\n","protected":false},"author":2,"featured_media":0,"parent":0,"menu_order":0,"comment_status":"closed","ping_status":"closed","template":"","meta":{"footnotes":""},"_links":{"self":[{"href":"https:\/\/www.metallbau-maeck.de\/index.php?rest_route=\/wp\/v2\/pages\/125"}],"collection":[{"href":"https:\/\/www.metallbau-maeck.de\/index.php?rest_route=\/wp\/v2\/pages"}],"about":[{"href":"https:\/\/www.metallbau-maeck.de\/index.php?rest_route=\/wp\/v2\/types\/page"}],"author":[{"embeddable":true,"href":"https:\/\/www.metallbau-maeck.de\/index.php?rest_route=\/wp\/v2\/users\/2"}],"replies":[{"embeddable":true,"href":"https:\/\/www.metallbau-maeck.de\/index.php?rest_route=%2Fwp%2Fv2%2Fcomments&post=125"}],"version-history":[{"count":5,"href":"https:\/\/www.metallbau-maeck.de\/index.php?rest_route=\/wp\/v2\/pages\/125\/revisions"}],"predecessor-version":[{"id":131,"href":"https:\/\/www.metallbau-maeck.de\/index.php?rest_route=\/wp\/v2\/pages\/125\/revisions\/131"}],"wp:attachment":[{"href":"https:\/\/www.metallbau-maeck.de\/index.php?rest_route=%2Fwp%2Fv2%2Fmedia&parent=125"}],"curies":[{"name":"wp","href":"https:\/\/api.w.org\/{rel}","templated":true}]}}